{"id":5,"date":"2025-06-05T14:45:50","date_gmt":"2025-06-05T12:45:50","guid":{"rendered":"http:\/\/espaceassociation.fr\/?page_id=5"},"modified":"2025-06-12T09:37:12","modified_gmt":"2025-06-12T07:37:12","slug":"accueil","status":"publish","type":"page","link":"https:\/\/espaceassociation.fr\/","title":{"rendered":"Accueil"},"content":{"rendered":"\n<div class=\"wp-block-cover alignfull is-light has-small-font-size has-aspect-ratio\" style=\"border-style:none;border-width:0px;margin-top:0;margin-bottom:0;padding-top:var(--wp--preset--spacing--60);padding-bottom:var(--wp--preset--spacing--60);min-height:389px;aspect-ratio:auto;min-height:unset;\"><img loading=\"lazy\" decoding=\"async\" width=\"1024\" height=\"444\" class=\"wp-block-cover__image-background wp-image-105 size-large\" alt=\"\" src=\"http:\/\/espaceassociation.fr\/wp-content\/uploads\/2025\/06\/foto-accueeil-1024x444.png\" data-object-fit=\"cover\" srcset=\"https:\/\/espaceassociation.fr\/wp-content\/uploads\/2025\/06\/foto-accueeil-1024x444.png 1024w, https:\/\/espaceassociation.fr\/wp-content\/uploads\/2025\/06\/foto-accueeil-300x130.png 300w, https:\/\/espaceassociation.fr\/wp-content\/uploads\/2025\/06\/foto-accueeil-768x333.png 768w, https:\/\/espaceassociation.fr\/wp-content\/uploads\/2025\/06\/foto-accueeil.png 1280w\" sizes=\"auto, (max-width: 1024px) 100vw, 1024px\" \/><span aria-hidden=\"true\" class=\"wp-block-cover__background has-base-background-color has-background-dim-0 has-background-dim\"><\/span><div class=\"wp-block-cover__inner-container is-layout-constrained wp-container-core-cover-is-layout-66fff4b1 wp-block-cover-is-layout-constrained\">\n<h1 class=\"wp-block-heading has-text-align-center\" style=\"font-size:32px\">Des activit\u00e9s culturelles et artistiques pour les seniors en partage !<\/h1>\n\n\n\n<p class=\"has-text-align-center is-style-text-subtitle has-foreground-color has-text-color has-link-color has-open-sans-font-family wp-elements-62945a549378eadd00227894730c7b2b\" style=\"padding-top:var(--wp--preset--spacing--50);padding-bottom:var(--wp--preset--spacing--50);font-size:17px\"><strong>Bienvenue dans notre association E.S.P.A.C.E. d\u00e9di\u00e9e aux seniors<br>Nous croyons fermement que la culture et les loisirs sont essentiels au bien-\u00eatre des seniors, et nous nous engageons \u00e0 cr\u00e9er un environnement convivial et enrichissant pour tous nos membres<\/strong><\/p>\n\n\n\n<h1 class=\"wp-block-heading has-text-align-center has-link-color wp-elements-cda4f7ede638a02c17f1e89dfda0a016\" style=\"font-size:23px\">Rejoignez-nous pour partager des moments de joie et de cr\u00e9ativit\u00e9 !<\/h1>\n<\/div><\/div>\n\n\n\n<div class=\"wp-block-cover alignfull is-light\" style=\"margin-top:0;margin-bottom:0;padding-top:0;padding-bottom:0;min-height:106px;aspect-ratio:unset;\"><span aria-hidden=\"true\" class=\"wp-block-cover__background has-background-dim-100 has-background-dim\" style=\"background-color:#f27655\"><\/span><div class=\"wp-block-cover__inner-container is-layout-constrained wp-container-core-cover-is-layout-c242582d wp-block-cover-is-layout-constrained\">\n<h1 class=\"wp-block-heading has-text-align-center\" style=\"margin-top:0;margin-bottom:0;padding-top:var(--wp--preset--spacing--60);padding-bottom:var(--wp--preset--spacing--60);font-size:30px\">Nos activit\u00e9s<\/h1>\n<\/div><\/div>\n\n\n\n<div class=\"wp-block-cover alignfull is-light\" style=\"margin-top:0;margin-bottom:0;min-height:1774px;aspect-ratio:unset;\"><span aria-hidden=\"true\" class=\"wp-block-cover__background has-background-dim-100 has-background-dim\" style=\"background-color:#fdeae5\"><\/span><div class=\"wp-block-cover__inner-container is-layout-constrained wp-block-cover-is-layout-constrained\">\n<div class=\"wp-block-columns is-layout-flex wp-container-core-columns-is-layout-28f84493 wp-block-columns-is-layout-flex\">\n<div class=\"wp-block-column is-layout-flow wp-block-column-is-layout-flow\" style=\"padding-right:0;padding-left:0\">\n<div class=\"wp-block-group is-layout-constrained wp-container-core-group-is-layout-907cb1d6 wp-block-group-is-layout-constrained\" style=\"padding-top:var(--wp--preset--spacing--70);padding-right:0;padding-bottom:var(--wp--preset--spacing--70);padding-left:0\">\n<h1 class=\"wp-block-heading has-text-align-center\" style=\"font-size:28px\">Pergamano<\/h1>\n\n\n\n<figure class=\"wp-block-image size-large is-resized has-custom-border\" style=\"margin-right:0;margin-left:0\"><a href=\"http:\/\/espaceassociation.fr\/index.php\/nos-activites\/\"><img decoding=\"async\" src=\"https:\/\/luciacortinovis3.wordpress.com\/wp-content\/uploads\/2025\/05\/img_8388-2.jpg?w=768\" alt=\"\" class=\"wp-image-154\" style=\"border-width:2px;border-radius:80px;object-fit:cover;width:321px;height:306px\"\/><\/a><\/figure>\n<\/div>\n<\/div>\n\n\n\n<div class=\"wp-block-column is-layout-flow wp-block-column-is-layout-flow\" style=\"padding-right:0;padding-left:0\">\n<div class=\"wp-block-group is-layout-constrained wp-block-group-is-layout-constrained\" style=\"padding-top:var(--wp--preset--spacing--70);padding-bottom:var(--wp--preset--spacing--70)\">\n<h1 class=\"wp-block-heading has-text-align-center\" style=\"font-size:28px\">Arts cr\u00e9atifs<\/h1>\n\n\n\n<figure class=\"wp-block-image size-large is-resized has-custom-border\" style=\"margin-right:0;margin-bottom:0;margin-left:var(--wp--preset--spacing--30)\"><a href=\"http:\/\/espaceassociation.fr\/index.php\/nos-activites\/\"><img decoding=\"async\" src=\"https:\/\/luciacortinovis3.wordpress.com\/wp-content\/uploads\/2025\/05\/im-nuova-4.jpg?w=793\" alt=\"\" class=\"wp-image-153\" style=\"border-width:2px;border-radius:80px;object-fit:cover;width:321px;height:306px\"\/><\/a><\/figure>\n<\/div>\n<\/div>\n<\/div>\n\n\n\n<div class=\"wp-block-columns are-vertically-aligned-top is-layout-flex wp-container-core-columns-is-layout-28f84493 wp-block-columns-is-layout-flex\">\n<div class=\"wp-block-column is-vertically-aligned-top is-layout-flow wp-block-column-is-layout-flow\">\n<div class=\"wp-block-group is-layout-constrained wp-block-group-is-layout-constrained\" style=\"padding-bottom:var(--wp--preset--spacing--70)\">\n<h1 class=\"wp-block-heading has-text-align-center\" style=\"font-size:28px\">Chants de marins<\/h1>\n\n\n\n<figure class=\"wp-block-image size-large is-resized has-custom-border\"><a href=\"http:\/\/espaceassociation.fr\/index.php\/nos-activites\/\"><img decoding=\"async\" src=\"https:\/\/luciacortinovis3.wordpress.com\/wp-content\/uploads\/2025\/05\/immagine1-4.jpg?w=979\" alt=\"\" class=\"wp-image-151\" style=\"border-width:2px;border-radius:80px;object-fit:cover;width:321px;height:306px\"\/><\/a><\/figure>\n<\/div>\n<\/div>\n\n\n\n<div class=\"wp-block-column is-vertically-aligned-top is-layout-flow wp-block-column-is-layout-flow\">\n<div class=\"wp-block-group is-layout-constrained wp-block-group-is-layout-constrained\" style=\"padding-bottom:var(--wp--preset--spacing--70)\">\n<h1 class=\"wp-block-heading has-text-align-center\" style=\"font-size:28px\">Jazz<\/h1>\n\n\n\n<figure class=\"wp-block-image size-large is-resized has-custom-border\"><a href=\"http:\/\/espaceassociation.fr\/index.php\/nos-activites\/\"><img decoding=\"async\" src=\"https:\/\/luciacortinovis3.wordpress.com\/wp-content\/uploads\/2025\/05\/jazz-2.jpg?w=1024\" alt=\"\" class=\"wp-image-152\" style=\"border-width:2px;border-radius:80px;object-fit:cover;width:321px;height:306px\"\/><\/a><\/figure>\n<\/div>\n<\/div>\n<\/div>\n\n\n\n<div class=\"wp-block-columns is-layout-flex wp-container-core-columns-is-layout-28f84493 wp-block-columns-is-layout-flex\">\n<div class=\"wp-block-column is-layout-flow wp-block-column-is-layout-flow\">\n<div class=\"wp-block-group is-layout-constrained wp-block-group-is-layout-constrained\" style=\"padding-bottom:var(--wp--preset--spacing--70)\">\n<h1 class=\"wp-block-heading has-text-align-center\" style=\"font-size:28px\">Espace vari\u00e9t\u00e9s<\/h1>\n\n\n\n<figure class=\"wp-block-image size-large is-resized has-custom-border\"><a href=\"http:\/\/espaceassociation.fr\/index.php\/nos-activites\/\"><img loading=\"lazy\" decoding=\"async\" width=\"768\" height=\"1024\" src=\"http:\/\/espaceassociation.fr\/wp-content\/uploads\/2025\/06\/IMG_8917-768x1024.jpg\" alt=\"\" class=\"wp-image-368\" style=\"border-width:2px;border-radius:80px;object-fit:cover;width:321px;height:306px\" srcset=\"https:\/\/espaceassociation.fr\/wp-content\/uploads\/2025\/06\/IMG_8917-768x1024.jpg 768w, https:\/\/espaceassociation.fr\/wp-content\/uploads\/2025\/06\/IMG_8917-225x300.jpg 225w, https:\/\/espaceassociation.fr\/wp-content\/uploads\/2025\/06\/IMG_8917-1152x1536.jpg 1152w, https:\/\/espaceassociation.fr\/wp-content\/uploads\/2025\/06\/IMG_8917-1536x2048.jpg 1536w, https:\/\/espaceassociation.fr\/wp-content\/uploads\/2025\/06\/IMG_8917-450x600.jpg 450w, https:\/\/espaceassociation.fr\/wp-content\/uploads\/2025\/06\/IMG_8917-scaled.jpg 1920w\" sizes=\"auto, (max-width: 768px) 100vw, 768px\" \/><\/a><\/figure>\n<\/div>\n<\/div>\n\n\n\n<div class=\"wp-block-column is-layout-flow wp-block-column-is-layout-flow\">\n<div class=\"wp-block-group is-layout-constrained wp-block-group-is-layout-constrained\" style=\"padding-bottom:var(--wp--preset--spacing--70)\">\n<h1 class=\"wp-block-heading has-text-align-center\" style=\"font-size:28px\">Peinture<\/h1>\n\n\n\n<figure class=\"wp-block-image size-large is-resized has-custom-border\"><a href=\"http:\/\/espaceassociation.fr\/index.php\/nos-activites\/\"><img loading=\"lazy\" decoding=\"async\" width=\"768\" height=\"1024\" src=\"http:\/\/espaceassociation.fr\/wp-content\/uploads\/2025\/06\/pittura-foto-1-768x1024.jpg\" alt=\"\" class=\"wp-image-242\" style=\"border-width:2px;border-radius:80px;object-fit:cover;width:321px;height:306px\" srcset=\"https:\/\/espaceassociation.fr\/wp-content\/uploads\/2025\/06\/pittura-foto-1-768x1024.jpg 768w, https:\/\/espaceassociation.fr\/wp-content\/uploads\/2025\/06\/pittura-foto-1-225x300.jpg 225w, https:\/\/espaceassociation.fr\/wp-content\/uploads\/2025\/06\/pittura-foto-1-1152x1536.jpg 1152w, https:\/\/espaceassociation.fr\/wp-content\/uploads\/2025\/06\/pittura-foto-1-1536x2048.jpg 1536w, https:\/\/espaceassociation.fr\/wp-content\/uploads\/2025\/06\/pittura-foto-1-scaled.jpg 1920w\" sizes=\"auto, (max-width: 768px) 100vw, 768px\" \/><\/a><\/figure>\n<\/div>\n<\/div>\n<\/div>\n\n\n\n<div class=\"wp-block-columns is-layout-flex wp-container-core-columns-is-layout-28f84493 wp-block-columns-is-layout-flex\">\n<div class=\"wp-block-column is-layout-flow wp-container-core-column-is-layout-f6dd3c38 wp-block-column-is-layout-flow\" style=\"padding-bottom:0\">\n<div class=\"wp-block-group is-layout-constrained wp-block-group-is-layout-constrained\" style=\"padding-bottom:var(--wp--preset--spacing--70)\">\n<h1 class=\"wp-block-heading has-text-align-center\" style=\"font-size:28px\">Conversation anglaise<\/h1>\n\n\n\n<figure class=\"wp-block-image size-full is-resized has-custom-border\" style=\"margin-bottom:var(--wp--preset--spacing--80)\"><a href=\"http:\/\/espaceassociation.fr\/index.php\/nos-activites\/\"><img loading=\"lazy\" decoding=\"async\" width=\"321\" height=\"306\" src=\"http:\/\/espaceassociation.fr\/wp-content\/uploads\/2025\/06\/image.png\" alt=\"\" class=\"wp-image-244\" style=\"border-width:2px;border-radius:80px;object-fit:cover;width:321px;height:306px\" srcset=\"https:\/\/espaceassociation.fr\/wp-content\/uploads\/2025\/06\/image.png 321w, https:\/\/espaceassociation.fr\/wp-content\/uploads\/2025\/06\/image-300x286.png 300w\" sizes=\"auto, (max-width: 321px) 100vw, 321px\" \/><\/a><\/figure>\n<\/div>\n<\/div>\n\n\n\n<div class=\"wp-block-column is-layout-flow wp-container-core-column-is-layout-f6dd3c38 wp-block-column-is-layout-flow\" style=\"padding-bottom:0\">\n<div class=\"wp-block-group is-layout-constrained wp-block-group-is-layout-constrained\" style=\"padding-bottom:var(--wp--preset--spacing--80)\">\n<h1 class=\"wp-block-heading has-text-align-center\" style=\"font-size:28px\">Informatique<\/h1>\n\n\n\n<figure class=\"wp-block-image size-full is-resized has-custom-border\"><img loading=\"lazy\" decoding=\"async\" width=\"2560\" height=\"2090\" src=\"http:\/\/espaceassociation.fr\/wp-content\/uploads\/2025\/06\/IMG_8939-1-scaled.jpg\" alt=\"\" class=\"wp-image-427\" style=\"border-width:2px;border-radius:80px;object-fit:cover;width:321px;height:306px\" srcset=\"https:\/\/espaceassociation.fr\/wp-content\/uploads\/2025\/06\/IMG_8939-1-scaled.jpg 2560w, https:\/\/espaceassociation.fr\/wp-content\/uploads\/2025\/06\/IMG_8939-1-300x245.jpg 300w, https:\/\/espaceassociation.fr\/wp-content\/uploads\/2025\/06\/IMG_8939-1-1024x836.jpg 1024w, https:\/\/espaceassociation.fr\/wp-content\/uploads\/2025\/06\/IMG_8939-1-768x627.jpg 768w, https:\/\/espaceassociation.fr\/wp-content\/uploads\/2025\/06\/IMG_8939-1-1536x1254.jpg 1536w, https:\/\/espaceassociation.fr\/wp-content\/uploads\/2025\/06\/IMG_8939-1-2048x1672.jpg 2048w, https:\/\/espaceassociation.fr\/wp-content\/uploads\/2025\/06\/IMG_8939-1-600x490.jpg 600w\" sizes=\"auto, (max-width: 2560px) 100vw, 2560px\" \/><\/figure>\n<\/div>\n<\/div>\n<\/div>\n<\/div><\/div>\n\n\n\n<div class=\"wp-block-cover alignfull is-light\" style=\"margin-top:0;margin-bottom:0;min-height:271px;aspect-ratio:unset;\"><span aria-hidden=\"true\" class=\"wp-block-cover__background has-background-dim-100 has-background-dim\" style=\"background-color:#fdeae5\"><\/span><div class=\"wp-block-cover__inner-container is-layout-constrained wp-block-cover-is-layout-constrained\">\n<h1 class=\"wp-block-heading has-text-align-center\" style=\"font-size:28px\">Inscrivez-vous et participez \u00e0 nos activit\u00e9s !<\/h1>\n\n\n\n<div class=\"wp-block-buttons is-content-justification-center is-layout-flex wp-container-core-buttons-is-layout-a89b3969 wp-block-buttons-is-layout-flex\">\n<div class=\"wp-block-button\"><a class=\"wp-block-button__link has-custom-nero-color has-text-color has-background has-link-color has-custom-font-size wp-element-button\" href=\"https:\/\/docs.google.com\/document\/d\/1pqbTbIOAprUEqdQzjiF-pBHSgAMmSgoHxHHGSgg0qYw\/edit?usp=sharing\" style=\"border-width:4px;background-color:#f27655;font-size:20px\"><strong>S&#8217;INSCRIRE<\/strong><\/a><\/div>\n<\/div>\n<\/div><\/div>\n\n\n\n<p><\/p>\n","protected":false},"excerpt":{"rendered":"","protected":false},"author":1,"featured_media":0,"parent":0,"menu_order":0,"comment_status":"closed","ping_status":"closed","template":"blank","meta":{"two_page_speed":[],"footnotes":""},"class_list":["post-5","page","type-page","status-publish","hentry"],"_links":{"self":[{"href":"https:\/\/espaceassociation.fr\/index.php\/wp-json\/wp\/v2\/pages\/5","targetHints":{"allow":["GET"]}}],"collection":[{"href":"https:\/\/espaceassociation.fr\/index.php\/wp-json\/wp\/v2\/pages"}],"about":[{"href":"https:\/\/espaceassociation.fr\/index.php\/wp-json\/wp\/v2\/types\/page"}],"author":[{"embeddable":true,"href":"https:\/\/espaceassociation.fr\/index.php\/wp-json\/wp\/v2\/users\/1"}],"replies":[{"embeddable":true,"href":"https:\/\/espaceassociation.fr\/index.php\/wp-json\/wp\/v2\/comments?post=5"}],"version-history":[{"count":40,"href":"https:\/\/espaceassociation.fr\/index.php\/wp-json\/wp\/v2\/pages\/5\/revisions"}],"predecessor-version":[{"id":431,"href":"https:\/\/espaceassociation.fr\/index.php\/wp-json\/wp\/v2\/pages\/5\/revisions\/431"}],"wp:attachment":[{"href":"https:\/\/espaceassociation.fr\/index.php\/wp-json\/wp\/v2\/media?parent=5"}],"curies":[{"name":"wp","href":"https:\/\/api.w.org\/{rel}","templated":true}]}}