{"id":95,"date":"2025-06-06T11:06:07","date_gmt":"2025-06-06T09:06:07","guid":{"rendered":"http:\/\/espaceassociation.fr\/?page_id=95"},"modified":"2026-02-12T17:35:37","modified_gmt":"2026-02-12T16:35:37","slug":"95-2","status":"publish","type":"page","link":"http:\/\/espaceassociation.fr\/index.php\/95-2\/","title":{"rendered":"Contact"},"content":{"rendered":"\n<div class=\"wp-block-cover alignfull is-light\" style=\"min-height:431px;aspect-ratio:unset;\"><span aria-hidden=\"true\" class=\"wp-block-cover__background has-custom-rosino-background-color has-background-dim-100 has-background-dim\"><\/span><div class=\"wp-block-cover__inner-container is-layout-constrained wp-block-cover-is-layout-constrained\">\n<div class=\"wp-block-columns is-layout-flex wp-container-core-columns-is-layout-28f84493 wp-block-columns-is-layout-flex\">\n<div class=\"wp-block-column is-layout-flow wp-block-column-is-layout-flow\" style=\"padding-top:var(--wp--preset--spacing--80);padding-bottom:var(--wp--preset--spacing--80);flex-basis:33.33%\">\n<h1 class=\"wp-block-heading\" style=\"padding-right:var(--wp--preset--spacing--30);padding-left:0;font-size:25px\">Contactez-nous<\/h1>\n<\/div>\n\n\n\n<div class=\"wp-block-column is-layout-flow wp-block-column-is-layout-flow\" style=\"flex-basis:66.66%\">\n<div class=\"wp-block-cover is-light has-custom-content-position is-position-center-right has-foreground-color has-text-color has-link-color wp-elements-950460057c591acf97445a060eb05428\" style=\"border-width:3px;border-radius:37px;padding-top:0;padding-bottom:0;min-height:274px;aspect-ratio:unset;\"><span aria-hidden=\"true\" class=\"wp-block-cover__background has-background-dim-100 has-background-dim\" style=\"background-color:#f8cfc7\"><\/span><div class=\"wp-block-cover__inner-container is-layout-constrained wp-block-cover-is-layout-constrained\">\n<div class=\"wp-block-columns is-layout-flex wp-container-core-columns-is-layout-28f84493 wp-block-columns-is-layout-flex\">\n<div class=\"wp-block-column is-layout-flow wp-block-column-is-layout-flow\" style=\"flex-basis:33.33%\">\n<figure class=\"wp-block-image size-full is-resized\" style=\"margin-right:0;margin-bottom:0;margin-left:0\"><img loading=\"lazy\" decoding=\"async\" width=\"40\" height=\"40\" src=\"http:\/\/espaceassociation.fr\/wp-content\/uploads\/2025\/06\/image-22.png\" alt=\"\" class=\"wp-image-196\" style=\"width:32px\"\/><\/figure>\n<\/div>\n\n\n\n<div class=\"wp-block-column is-layout-flow wp-block-column-is-layout-flow\" style=\"flex-basis:90%\">\n<p class=\"has-foreground-color has-text-color has-link-color has-open-sans-font-family wp-elements-9e77f180e090ede224dc91350612281b\" style=\"font-size:18px\"><strong>+33 02 35 51 97 67<\/strong><\/p>\n<\/div>\n<\/div>\n\n\n\n<div class=\"wp-block-columns is-layout-flex wp-container-core-columns-is-layout-28f84493 wp-block-columns-is-layout-flex\">\n<div class=\"wp-block-column is-layout-flow wp-block-column-is-layout-flow\" style=\"flex-basis:70%\">\n<figure class=\"wp-block-image alignleft size-full is-resized\" style=\"margin-top:0;margin-bottom:0\"><img loading=\"lazy\" decoding=\"async\" width=\"40\" height=\"40\" src=\"http:\/\/espaceassociation.fr\/wp-content\/uploads\/2025\/06\/image-23-1.png\" alt=\"\" class=\"wp-image-198\" style=\"width:32px\"\/><\/figure>\n<\/div>\n\n\n\n<div class=\"wp-block-column is-layout-flow wp-block-column-is-layout-flow\" style=\"flex-basis:160%\">\n<p class=\"has-text-align-center has-foreground-color has-text-color has-link-color has-open-sans-font-family wp-elements-4860bf971200b3a7adcdd683dc6473e8\" style=\"font-size:18px\"><strong>association.espace1996@gmail.com<\/strong><\/p>\n<\/div>\n<\/div>\n\n\n\n<div class=\"wp-block-columns is-layout-flex wp-container-core-columns-is-layout-28f84493 wp-block-columns-is-layout-flex\">\n<div class=\"wp-block-column is-layout-flow wp-block-column-is-layout-flow\" style=\"flex-basis:33.33%\">\n<figure class=\"wp-block-image size-full is-resized\"><img loading=\"lazy\" decoding=\"async\" width=\"40\" height=\"40\" src=\"http:\/\/espaceassociation.fr\/wp-content\/uploads\/2025\/06\/Rectangle.png\" alt=\"\" class=\"wp-image-199\" style=\"width:32px\"\/><\/figure>\n<\/div>\n\n\n\n<div class=\"wp-block-column is-layout-flow wp-block-column-is-layout-flow\" style=\"flex-basis:160%\">\n<p class=\"has-foreground-color has-text-color has-link-color has-open-sans-font-family wp-elements-cf3c79107960c3de9ce67f83a31ae9f5\" style=\"padding-right:0;padding-left:0;font-size:18px\"><strong>31 bis rue du P\u00e8re Flavigny 76620 LE HAVRE<\/strong><\/p>\n<\/div>\n<\/div>\n<\/div><\/div>\n<\/div>\n<\/div>\n<\/div><\/div>\n\n\n\n<div class=\"wp-block-cover alignfull is-light\" style=\"margin-top:0;margin-bottom:0\"><span aria-hidden=\"true\" class=\"wp-block-cover__background has-custom-verde-background-color has-background-dim-100 has-background-dim\"><\/span><div class=\"wp-block-cover__inner-container is-layout-constrained wp-block-cover-is-layout-constrained\">\n<div class=\"wp-block-columns is-layout-flex wp-container-core-columns-is-layout-28f84493 wp-block-columns-is-layout-flex\">\n<div class=\"wp-block-column is-layout-flow wp-block-column-is-layout-flow\" style=\"padding-top:var(--wp--preset--spacing--80);padding-bottom:var(--wp--preset--spacing--80);flex-basis:33.33%\">\n<h1 class=\"wp-block-heading\" style=\"font-size:25px\">O\u00f9 sommes-nous<\/h1>\n<\/div>\n\n\n\n<div class=\"wp-block-column is-layout-flow wp-block-column-is-layout-flow\" style=\"flex-basis:66.66%\">\n<iframe src=\"https:\/\/www.google.com\/maps\/embed?pb=!1m18!1m12!1m3!1d1885.5346149910833!2d0.12598207517366417!3d49.512797454433596!2m3!1f0!2f0!3f0!3m2!1i1024!2i768!4f13.1!3m3!1m2!1s0x47e02f767fd6b1d9%3A0x11f64827db1a62b6!2s31%20Bis%20Rue%20du%20P%C3%A8re%20Flavigny%2C%2076620%20Le%20Havre!5e1!3m2!1sit!2sfr!4v1749489305330!5m2!1sit!2sfr\" width=\"600\" height=\"450\" style=\"border:0;\" allowfullscreen=\"\" loading=\"lazy\" referrerpolicy=\"no-referrer-when-downgrade\"><\/iframe>\n<\/div>\n<\/div>\n<\/div><\/div>\n\n\n\n<div class=\"wp-block-cover alignfull is-light\" style=\"margin-top:0;margin-bottom:0;padding-top:0;padding-bottom:0\"><span aria-hidden=\"true\" class=\"wp-block-cover__background has-custom-arancio-background-color has-background-dim-100 has-background-dim\"><\/span><div class=\"wp-block-cover__inner-container is-layout-constrained wp-block-cover-is-layout-constrained\">\n<div class=\"wp-block-columns is-layout-flex wp-container-core-columns-is-layout-28f84493 wp-block-columns-is-layout-flex\">\n<div class=\"wp-block-column is-layout-flow wp-block-column-is-layout-flow\" style=\"padding-top:var(--wp--preset--spacing--80);padding-bottom:var(--wp--preset--spacing--80);flex-basis:33.33%\">\n<h1 class=\"wp-block-heading\">Inscrivez-vous ici<\/h1>\n\n\n\n<figure class=\"wp-block-image aligncenter size-full is-resized\"><a href=\"https:\/\/docs.google.com\/document\/d\/1pqbTbIOAprUEqdQzjiF-pBHSgAMmSgoHxHHGSgg0qYw\/edit?usp=sharing\"><img loading=\"lazy\" decoding=\"async\" width=\"512\" height=\"512\" src=\"http:\/\/espaceassociation.fr\/wp-content\/uploads\/2025\/06\/job_10485151.png\" alt=\"\" class=\"wp-image-201\" style=\"width:151px;height:auto\" srcset=\"http:\/\/espaceassociation.fr\/wp-content\/uploads\/2025\/06\/job_10485151.png 512w, http:\/\/espaceassociation.fr\/wp-content\/uploads\/2025\/06\/job_10485151-300x300.png 300w, http:\/\/espaceassociation.fr\/wp-content\/uploads\/2025\/06\/job_10485151-150x150.png 150w\" sizes=\"auto, (max-width: 512px) 100vw, 512px\" \/><\/a><\/figure>\n\n\n\n<h1 class=\"wp-block-heading has-text-align-center\"><strong><strong>Clique sur le formulaire<\/strong><\/strong>!<\/h1>\n<\/div>\n\n\n\n<div class=\"wp-block-column is-layout-flow wp-block-column-is-layout-flow\" style=\"flex-basis:66.66%\">\n<div class=\"wp-block-cover is-light\"><span aria-hidden=\"true\" class=\"wp-block-cover__background has-background-dim-0 has-background-dim\"><\/span><div class=\"wp-block-cover__inner-container is-layout-flow wp-block-cover-is-layout-flow\">\n<p class=\"has-text-align-left has-border-color has-foreground-border-color has-foreground-color has-custom-arancio-background-color has-text-color has-background has-link-color has-open-sans-font-family wp-elements-bad7594dc0d4820637cf325ead0f0e02\" style=\"border-width:3px;border-radius:37px;font-size:18px\"><strong>1-Remplir le formulaire et l\u2019envoyer par mail<br>2 -Participer \u00e0 2 ou 3 s\u00e9ances d&#8217;activit\u00e9s pour faire un essai<br>3 &#8211; Effectuer le paiement<br><br>association.espace1996@gmail.com<\/strong><\/p>\n<\/div><\/div>\n<\/div>\n<\/div>\n<\/div><\/div>\n","protected":false},"excerpt":{"rendered":"","protected":false},"author":1,"featured_media":0,"parent":0,"menu_order":0,"comment_status":"closed","ping_status":"closed","template":"blank","meta":{"two_page_speed":[],"footnotes":""},"class_list":["post-95","page","type-page","status-publish","hentry"],"_links":{"self":[{"href":"http:\/\/espaceassociation.fr\/index.php\/wp-json\/wp\/v2\/pages\/95","targetHints":{"allow":["GET"]}}],"collection":[{"href":"http:\/\/espaceassociation.fr\/index.php\/wp-json\/wp\/v2\/pages"}],"about":[{"href":"http:\/\/espaceassociation.fr\/index.php\/wp-json\/wp\/v2\/types\/page"}],"author":[{"embeddable":true,"href":"http:\/\/espaceassociation.fr\/index.php\/wp-json\/wp\/v2\/users\/1"}],"replies":[{"embeddable":true,"href":"http:\/\/espaceassociation.fr\/index.php\/wp-json\/wp\/v2\/comments?post=95"}],"version-history":[{"count":21,"href":"http:\/\/espaceassociation.fr\/index.php\/wp-json\/wp\/v2\/pages\/95\/revisions"}],"predecessor-version":[{"id":442,"href":"http:\/\/espaceassociation.fr\/index.php\/wp-json\/wp\/v2\/pages\/95\/revisions\/442"}],"wp:attachment":[{"href":"http:\/\/espaceassociation.fr\/index.php\/wp-json\/wp\/v2\/media?parent=95"}],"curies":[{"name":"wp","href":"https:\/\/api.w.org\/{rel}","templated":true}]}}