{"id":88,"date":"2025-06-06T10:53:34","date_gmt":"2025-06-06T08:53:34","guid":{"rendered":"http:\/\/espaceassociation.fr\/?page_id=88"},"modified":"2025-06-11T15:23:12","modified_gmt":"2025-06-11T13:23:12","slug":"le-journal","status":"publish","type":"page","link":"http:\/\/espaceassociation.fr\/index.php\/le-journal\/","title":{"rendered":"Le journal"},"content":{"rendered":"\n<div class=\"wp-block-cover alignfull is-light\" style=\"margin-top:0;margin-bottom:0;padding-top:0;padding-bottom:0;min-height:280px;aspect-ratio:unset;\"><img decoding=\"async\" class=\"wp-block-cover__image-background wp-image-201 size-large\" alt=\"\" src=\"https:\/\/luciacortinovis3.wordpress.com\/wp-content\/uploads\/2025\/05\/image-21.png?w=1024\" data-object-fit=\"cover\"\/><span aria-hidden=\"true\" class=\"wp-block-cover__background has-accent-6-background-color has-background-dim-0 has-background-dim\"><\/span><div class=\"wp-block-cover__inner-container is-layout-constrained wp-block-cover-is-layout-constrained\">\n<h1 class=\"wp-block-heading alignfull has-text-align-center has-contrast-color has-text-color has-link-color wp-elements-05a962faf3e13471631a89d4d99abd79\" style=\"font-size:30px\">Le journal E.S.P.A.C.E.<\/h1>\n<\/div><\/div>\n\n\n\n<div class=\"wp-block-cover alignfull is-light\" style=\"margin-top:0;margin-bottom:var(--wp--preset--spacing--70);padding-top:0\"><span aria-hidden=\"true\" class=\"wp-block-cover__background has-background-dim-100 has-background-dim\" style=\"background-color:#fdeae6\"><\/span><div class=\"wp-block-cover__inner-container is-layout-constrained wp-container-core-cover-is-layout-11fb0207 wp-block-cover-is-layout-constrained\">\n<p class=\"has-text-align-center\" style=\"padding-top:var(--wp--preset--spacing--40);padding-bottom:var(--wp--preset--spacing--40);font-size:16px\"><strong>Notre association publie deux num\u00e9ros par an d\u2019un journal qui raconte la richesse de la vie associative : activit\u00e9s, exp\u00e9riences, r\u00e9flexions et moments marquants v\u00e9cus ensemble.<br>\u00c0 travers des articles, des photos et des t\u00e9moignages, nous souhaitons informer, impliquer et cr\u00e9er du lien \u2013 aussi bien avec ceux qui font d\u00e9j\u00e0 partie de notre r\u00e9alit\u00e9 qu\u2019avec ceux qui souhaitent mieux nous conna\u00eetre.<br>Ce journal est un outil simple mais pr\u00e9cieux pour partager ce que nous vivons, faire \u00e9merger les valeurs qui nous animent et renforcer le dialogue avec l\u2019ext\u00e9rieur. Chaque num\u00e9ro est une \u00e9tape de notre parcours, racont\u00e9e avec sinc\u00e9rit\u00e9 et engagement.<\/strong><\/p>\n\n\n\n<h1 class=\"wp-block-heading has-text-align-center\" style=\"padding-top:var(--wp--preset--spacing--40);padding-bottom:var(--wp--preset--spacing--40)\">Feuilletez nos publications et d\u00e9couvrez qui nous sommes!<\/h1>\n<\/div><\/div>\n\n\n\n<div class=\"wp-block-columns is-layout-flex wp-container-core-columns-is-layout-28f84493 wp-block-columns-is-layout-flex\">\n<div class=\"wp-block-column is-vertically-aligned-center is-layout-flow wp-block-column-is-layout-flow\">\n<h1 class=\"wp-block-heading has-text-align-center\" style=\"font-size:30px\">Num\u00e9ro 116                                         1er semestre 2024<\/h1>\n\n\n\n<div class=\"wp-block-cover aligncenter is-light\" style=\"min-height:541px;aspect-ratio:unset;\"><span aria-hidden=\"true\" class=\"wp-block-cover__background has-background-dim-100 has-background-dim\" style=\"background-color:#f27655\"><\/span><div class=\"wp-block-cover__inner-container is-layout-constrained wp-block-cover-is-layout-constrained\">\n<figure class=\"wp-block-image size-large\"><img decoding=\"async\" src=\"https:\/\/luciacortinovis3.wordpress.com\/wp-content\/uploads\/2025\/05\/numero-116-1er-semestre-2024jpg-1-1.png?w=440\" alt=\"\" class=\"wp-image-298\"\/><\/figure>\n\n\n\n<div class=\"wp-block-buttons alignfull is-content-justification-center is-layout-flex wp-container-core-buttons-is-layout-23a043ba wp-block-buttons-is-layout-flex\">\n<div class=\"wp-block-button\"><a class=\"wp-block-button__link has-custom-arancio-color has-background-background-color has-text-color has-background has-link-color has-border-color has-custom-nero-border-color has-custom-font-size wp-element-button\" href=\"http:\/\/espaceassociation.fr\/wp-content\/uploads\/2025\/06\/Numero-116-1er-semestre-2024-1-1.pdf\" style=\"border-width:3px;padding-top:var(--wp--preset--spacing--20);padding-right:var(--wp--preset--spacing--20);padding-bottom:var(--wp--preset--spacing--20);padding-left:var(--wp--preset--spacing--20);font-size:14px\"><strong>Lire le journal<\/strong><\/a><\/div>\n<\/div>\n<\/div><\/div>\n<\/div>\n\n\n\n<div class=\"wp-block-column is-layout-flow wp-block-column-is-layout-flow\">\n<h1 class=\"wp-block-heading has-text-align-center\" style=\"font-size:30px\">Num\u00e9ro 117<br>2e semestre 2024<\/h1>\n\n\n\n<div class=\"wp-block-cover alignright is-light\" style=\"min-height:541px;aspect-ratio:unset;\"><span aria-hidden=\"true\" class=\"wp-block-cover__background has-background-dim-100 has-background-dim\" style=\"background-color:#c6e5cf\"><\/span><div class=\"wp-block-cover__inner-container is-layout-constrained wp-block-cover-is-layout-constrained\">\n<figure class=\"wp-block-image size-large\"><img decoding=\"async\" src=\"https:\/\/luciacortinovis3.wordpress.com\/wp-content\/uploads\/2025\/05\/numero-117-2-eme-semestre-2024-images-0jpg-1-2.png?w=440\" alt=\"\" class=\"wp-image-300\"\/><\/figure>\n\n\n\n<div class=\"wp-block-buttons is-content-justification-center is-layout-flex wp-container-core-buttons-is-layout-a89b3969 wp-block-buttons-is-layout-flex\">\n<div class=\"wp-block-button\"><a class=\"wp-block-button__link has-custom-verde-color has-background-background-color has-text-color has-background has-link-color has-border-color has-foreground-border-color has-custom-font-size wp-element-button\" href=\"http:\/\/espaceassociation.fr\/wp-content\/uploads\/2025\/06\/Numero-117-2-eme-semestre-2024.pdf\" style=\"border-width:3px;padding-top:var(--wp--preset--spacing--20);padding-right:var(--wp--preset--spacing--20);padding-bottom:var(--wp--preset--spacing--20);padding-left:var(--wp--preset--spacing--20);font-size:14px\"><strong>Lire le journal<\/strong><\/a><\/div>\n<\/div>\n<\/div><\/div>\n<\/div>\n<\/div>\n\n\n\n<div class=\"wp-block-columns is-layout-flex wp-container-core-columns-is-layout-28f84493 wp-block-columns-is-layout-flex\">\n<div class=\"wp-block-column is-layout-flow wp-block-column-is-layout-flow\">\n<div class=\"wp-block-buttons is-content-justification-center is-layout-flex wp-container-core-buttons-is-layout-a89b3969 wp-block-buttons-is-layout-flex\"><\/div>\n<\/div>\n\n\n\n<div class=\"wp-block-column is-vertically-aligned-center is-layout-flow wp-block-column-is-layout-flow\">\n<div class=\"wp-block-buttons is-content-justification-center is-layout-flex wp-container-core-buttons-is-layout-a89b3969 wp-block-buttons-is-layout-flex\"><\/div>\n<\/div>\n<\/div>\n\n\n\n<p><\/p>\n","protected":false},"excerpt":{"rendered":"<p>Num\u00e9ro 116 1er semestre 2024 Num\u00e9ro 1172e semestre 2024<\/p>\n","protected":false},"author":1,"featured_media":0,"parent":0,"menu_order":0,"comment_status":"closed","ping_status":"closed","template":"blank","meta":{"two_page_speed":[],"footnotes":""},"class_list":["post-88","page","type-page","status-publish","hentry"],"_links":{"self":[{"href":"http:\/\/espaceassociation.fr\/index.php\/wp-json\/wp\/v2\/pages\/88","targetHints":{"allow":["GET"]}}],"collection":[{"href":"http:\/\/espaceassociation.fr\/index.php\/wp-json\/wp\/v2\/pages"}],"about":[{"href":"http:\/\/espaceassociation.fr\/index.php\/wp-json\/wp\/v2\/types\/page"}],"author":[{"embeddable":true,"href":"http:\/\/espaceassociation.fr\/index.php\/wp-json\/wp\/v2\/users\/1"}],"replies":[{"embeddable":true,"href":"http:\/\/espaceassociation.fr\/index.php\/wp-json\/wp\/v2\/comments?post=88"}],"version-history":[{"count":18,"href":"http:\/\/espaceassociation.fr\/index.php\/wp-json\/wp\/v2\/pages\/88\/revisions"}],"predecessor-version":[{"id":363,"href":"http:\/\/espaceassociation.fr\/index.php\/wp-json\/wp\/v2\/pages\/88\/revisions\/363"}],"wp:attachment":[{"href":"http:\/\/espaceassociation.fr\/index.php\/wp-json\/wp\/v2\/media?parent=88"}],"curies":[{"name":"wp","href":"https:\/\/api.w.org\/{rel}","templated":true}]}}