{"id":81,"date":"2025-06-06T10:40:10","date_gmt":"2025-06-06T08:40:10","guid":{"rendered":"http:\/\/espaceassociation.fr\/?page_id=81"},"modified":"2026-04-06T22:42:18","modified_gmt":"2026-04-06T20:42:18","slug":"nos-evenements-et-sorties","status":"publish","type":"page","link":"http:\/\/espaceassociation.fr\/index.php\/nos-evenements-et-sorties\/","title":{"rendered":"Nos \u00e9v\u00e9nements et sorties"},"content":{"rendered":"\n<div class=\"wp-block-cover alignfull is-light\" style=\"min-height:281px;aspect-ratio:unset;\"><img decoding=\"async\" class=\"wp-block-cover__image-background wp-image-193 size-large\" alt=\"\" src=\"https:\/\/luciacortinovis3.wordpress.com\/wp-content\/uploads\/2025\/05\/image-5.png?w=1024\" data-object-fit=\"cover\"\/><span aria-hidden=\"true\" class=\"wp-block-cover__background has-background-dim\" style=\"background-color:#fecfae\"><\/span><div class=\"wp-block-cover__inner-container is-layout-constrained wp-block-cover-is-layout-constrained\">\n<h1 class=\"wp-block-heading has-text-align-center\" style=\"font-size:30px\">Nos \u00e9v\u00e9nements et sorties<\/h1>\n<\/div><\/div>\n\n\n\n<div class=\"wp-block-cover alignfull is-light\" style=\"margin-top:0;margin-bottom:0;min-height:306px;aspect-ratio:unset;\"><span aria-hidden=\"true\" class=\"wp-block-cover__background has-background-dim-100 has-background-dim\" style=\"background-color:#fdeae6\"><\/span><div class=\"wp-block-cover__inner-container is-layout-constrained wp-block-cover-is-layout-constrained\">\n<p class=\"has-text-align-center\" style=\"font-size:16px\"><strong>Notre association s\u2019adresse aux seniors qui souhaitent partager de bons moments, vivre de nouvelles exp\u00e9riences et cr\u00e9er de beaux souvenirs.<br>Nous organisons des \u00e9v\u00e9nements, des sorties et des apr\u00e8s-midis de jeux pour favoriser la convivialit\u00e9, l\u2019\u00e9change et le plaisir d\u2019\u00eatre ensemble.<\/strong><\/p>\n\n\n\n<h1 class=\"wp-block-heading has-text-align-center\" style=\"font-size:24px\">Chaque occasion est une belle opportunit\u00e9 de vivre de nouvelles exp\u00e9riences en bonne compagnie !<\/h1>\n<\/div><\/div>\n\n\n\n<div class=\"wp-block-columns is-layout-flex wp-container-core-columns-is-layout-28f84493 wp-block-columns-is-layout-flex\">\n<div class=\"wp-block-column is-layout-flow wp-block-column-is-layout-flow\">\n<h1 class=\"wp-block-heading\" style=\"padding-top:var(--wp--preset--spacing--70);padding-right:0;padding-bottom:var(--wp--preset--spacing--70)\">Prochaine sortie:<\/h1>\n\n\n\n<figure class=\"wp-block-image size-large\"><img loading=\"lazy\" decoding=\"async\" width=\"724\" height=\"1024\" src=\"http:\/\/espaceassociation.fr\/wp-content\/uploads\/2026\/02\/Affiche-jeux-de-societe-4-724x1024.png\" alt=\"\" class=\"wp-image-461\" srcset=\"http:\/\/espaceassociation.fr\/wp-content\/uploads\/2026\/02\/Affiche-jeux-de-societe-4-724x1024.png 724w, http:\/\/espaceassociation.fr\/wp-content\/uploads\/2026\/02\/Affiche-jeux-de-societe-4-212x300.png 212w, http:\/\/espaceassociation.fr\/wp-content\/uploads\/2026\/02\/Affiche-jeux-de-societe-4-768x1086.png 768w, http:\/\/espaceassociation.fr\/wp-content\/uploads\/2026\/02\/Affiche-jeux-de-societe-4-1086x1536.png 1086w, http:\/\/espaceassociation.fr\/wp-content\/uploads\/2026\/02\/Affiche-jeux-de-societe-4-424x600.png 424w, http:\/\/espaceassociation.fr\/wp-content\/uploads\/2026\/02\/Affiche-jeux-de-societe-4.png 1414w\" sizes=\"auto, (max-width: 724px) 100vw, 724px\" \/><\/figure>\n\n\n\n<p>Tous les derniers samedis du mois! Venez jouez, d\u00e9couvrir ou faire d\u00e9couvrir vos jeux pr\u00e9f\u00e9r\u00e9s!<\/p>\n\n\n\n<figure class=\"wp-block-video\"><video height=\"788\" style=\"aspect-ratio: 940 \/ 788;\" width=\"940\" controls src=\"http:\/\/espaceassociation.fr\/wp-content\/uploads\/2026\/02\/Varietes.mp4\"><\/video><\/figure>\n<\/div>\n\n\n\n<div class=\"wp-block-column is-layout-flow wp-block-column-is-layout-flow\">\n<p>Voyage \u00e0 <strong>Amiens:<\/strong> La Cath\u00e9drale, le viel Amiens et les Hortillonnages!<\/p>\n\n\n\n<figure class=\"wp-block-image size-large\"><img loading=\"lazy\" decoding=\"async\" width=\"724\" height=\"1024\" src=\"https:\/\/espaceassociation.fr\/wp-content\/uploads\/2026\/04\/Affiche-voyage-Amiens3-724x1024.png\" alt=\"\" class=\"wp-image-501\" srcset=\"http:\/\/espaceassociation.fr\/wp-content\/uploads\/2026\/04\/Affiche-voyage-Amiens3-724x1024.png 724w, http:\/\/espaceassociation.fr\/wp-content\/uploads\/2026\/04\/Affiche-voyage-Amiens3-212x300.png 212w, http:\/\/espaceassociation.fr\/wp-content\/uploads\/2026\/04\/Affiche-voyage-Amiens3-768x1086.png 768w, http:\/\/espaceassociation.fr\/wp-content\/uploads\/2026\/04\/Affiche-voyage-Amiens3-1086x1536.png 1086w, http:\/\/espaceassociation.fr\/wp-content\/uploads\/2026\/04\/Affiche-voyage-Amiens3-424x600.png 424w, http:\/\/espaceassociation.fr\/wp-content\/uploads\/2026\/04\/Affiche-voyage-Amiens3.png 1414w\" sizes=\"auto, (max-width: 724px) 100vw, 724px\" \/><\/figure>\n\n\n\n<p><\/p>\n\n\n\n<p><\/p>\n<\/div>\n<\/div>\n\n\n\n<p>Jeudi 29 janvier 2026, l&#8217;EHPAD &#8220;Petites soeurs des Pauvres&#8221; du HAVRE, recevait le groupe &#8220;ESPACE Vari\u00e9t\u00e9s&#8221; lors d&#8217;un apr\u00e8s-midi musical, pour le plus grand plaisir de ses r\u00e9sidents!<\/p>\n\n\n\n<figure class=\"wp-block-image size-full\"><img loading=\"lazy\" decoding=\"async\" width=\"940\" height=\"788\" src=\"http:\/\/espaceassociation.fr\/wp-content\/uploads\/2026\/02\/1-2.png\" alt=\"\" class=\"wp-image-477\" srcset=\"http:\/\/espaceassociation.fr\/wp-content\/uploads\/2026\/02\/1-2.png 940w, http:\/\/espaceassociation.fr\/wp-content\/uploads\/2026\/02\/1-2-300x251.png 300w, http:\/\/espaceassociation.fr\/wp-content\/uploads\/2026\/02\/1-2-768x644.png 768w, http:\/\/espaceassociation.fr\/wp-content\/uploads\/2026\/02\/1-2-600x503.png 600w\" sizes=\"auto, (max-width: 940px) 100vw, 940px\" \/><\/figure>\n\n\n\n<figure class=\"wp-block-image size-full\"><img loading=\"lazy\" decoding=\"async\" width=\"940\" height=\"788\" src=\"http:\/\/espaceassociation.fr\/wp-content\/uploads\/2026\/02\/3-1.png\" alt=\"\" class=\"wp-image-479\" srcset=\"http:\/\/espaceassociation.fr\/wp-content\/uploads\/2026\/02\/3-1.png 940w, http:\/\/espaceassociation.fr\/wp-content\/uploads\/2026\/02\/3-1-300x251.png 300w, http:\/\/espaceassociation.fr\/wp-content\/uploads\/2026\/02\/3-1-768x644.png 768w, http:\/\/espaceassociation.fr\/wp-content\/uploads\/2026\/02\/3-1-600x503.png 600w\" sizes=\"auto, (max-width: 940px) 100vw, 940px\" \/><\/figure>\n\n\n\n<figure class=\"wp-block-image size-full\"><img loading=\"lazy\" decoding=\"async\" width=\"940\" height=\"788\" src=\"http:\/\/espaceassociation.fr\/wp-content\/uploads\/2026\/02\/4-1.png\" alt=\"\" class=\"wp-image-480\" srcset=\"http:\/\/espaceassociation.fr\/wp-content\/uploads\/2026\/02\/4-1.png 940w, http:\/\/espaceassociation.fr\/wp-content\/uploads\/2026\/02\/4-1-300x251.png 300w, http:\/\/espaceassociation.fr\/wp-content\/uploads\/2026\/02\/4-1-768x644.png 768w, http:\/\/espaceassociation.fr\/wp-content\/uploads\/2026\/02\/4-1-600x503.png 600w\" sizes=\"auto, (max-width: 940px) 100vw, 940px\" \/><\/figure>\n\n\n\n<figure class=\"wp-block-image size-full\"><img loading=\"lazy\" decoding=\"async\" width=\"940\" height=\"788\" src=\"http:\/\/espaceassociation.fr\/wp-content\/uploads\/2026\/02\/5-1.png\" alt=\"\" class=\"wp-image-481\" srcset=\"http:\/\/espaceassociation.fr\/wp-content\/uploads\/2026\/02\/5-1.png 940w, http:\/\/espaceassociation.fr\/wp-content\/uploads\/2026\/02\/5-1-300x251.png 300w, http:\/\/espaceassociation.fr\/wp-content\/uploads\/2026\/02\/5-1-768x644.png 768w, http:\/\/espaceassociation.fr\/wp-content\/uploads\/2026\/02\/5-1-600x503.png 600w\" sizes=\"auto, (max-width: 940px) 100vw, 940px\" \/><\/figure>\n\n\n\n<figure class=\"wp-block-image size-full is-resized\"><img loading=\"lazy\" decoding=\"async\" width=\"940\" height=\"788\" src=\"http:\/\/espaceassociation.fr\/wp-content\/uploads\/2026\/02\/2-1.png\" alt=\"\" class=\"wp-image-478\" style=\"aspect-ratio:1.1928999512516847;width:624px;height:auto\" srcset=\"http:\/\/espaceassociation.fr\/wp-content\/uploads\/2026\/02\/2-1.png 940w, http:\/\/espaceassociation.fr\/wp-content\/uploads\/2026\/02\/2-1-300x251.png 300w, http:\/\/espaceassociation.fr\/wp-content\/uploads\/2026\/02\/2-1-768x644.png 768w, http:\/\/espaceassociation.fr\/wp-content\/uploads\/2026\/02\/2-1-600x503.png 600w\" sizes=\"auto, (max-width: 940px) 100vw, 940px\" \/><\/figure>\n\n\n\n<p>&#8220;<strong>Repas partag\u00e9<\/strong>&#8221; du samedi 04 avril, salle James de Coninck:    Les participants se sont retrouv\u00e9s pour un beau moment de convivialit\u00e9 et de&#8230;. partage!  Chacun a eu \u00e0 coeur de faire go\u00fbter sa pr\u00e9paration, il y en avait pour tous les go\u00fbts!           Les ateliers d&#8217;arts cr\u00e9atifs ont expos\u00e9 le fruit de leurs travaux, tandis que le groupe ESPACE &#8220;Vari\u00e9t\u00e9s&#8221; a assur\u00e9 l&#8217;animation musicale!<\/p>\n\n\n\n<figure class=\"wp-block-gallery has-nested-images columns-default is-cropped wp-block-gallery-1 is-layout-flex wp-block-gallery-is-layout-flex\">\n<figure class=\"wp-block-image size-large\"><img loading=\"lazy\" decoding=\"async\" width=\"940\" height=\"788\" data-id=\"488\" src=\"https:\/\/espaceassociation.fr\/wp-content\/uploads\/2026\/04\/1.jpg\" alt=\"\" class=\"wp-image-488\" srcset=\"http:\/\/espaceassociation.fr\/wp-content\/uploads\/2026\/04\/1.jpg 940w, http:\/\/espaceassociation.fr\/wp-content\/uploads\/2026\/04\/1-300x251.jpg 300w, http:\/\/espaceassociation.fr\/wp-content\/uploads\/2026\/04\/1-768x644.jpg 768w, http:\/\/espaceassociation.fr\/wp-content\/uploads\/2026\/04\/1-600x503.jpg 600w\" sizes=\"auto, (max-width: 940px) 100vw, 940px\" \/><\/figure>\n<\/figure>\n\n\n\n<figure class=\"wp-block-gallery has-nested-images columns-default is-cropped wp-block-gallery-2 is-layout-flex wp-block-gallery-is-layout-flex\">\n<figure class=\"wp-block-image size-large\"><img loading=\"lazy\" decoding=\"async\" width=\"940\" height=\"788\" data-id=\"489\" src=\"https:\/\/espaceassociation.fr\/wp-content\/uploads\/2026\/04\/2.jpg\" alt=\"\" class=\"wp-image-489\" srcset=\"http:\/\/espaceassociation.fr\/wp-content\/uploads\/2026\/04\/2.jpg 940w, http:\/\/espaceassociation.fr\/wp-content\/uploads\/2026\/04\/2-300x251.jpg 300w, http:\/\/espaceassociation.fr\/wp-content\/uploads\/2026\/04\/2-768x644.jpg 768w, http:\/\/espaceassociation.fr\/wp-content\/uploads\/2026\/04\/2-600x503.jpg 600w\" sizes=\"auto, (max-width: 940px) 100vw, 940px\" \/><\/figure>\n<\/figure>\n\n\n\n<figure class=\"wp-block-gallery has-nested-images columns-default is-cropped wp-block-gallery-3 is-layout-flex wp-block-gallery-is-layout-flex\">\n<figure class=\"wp-block-image size-large\"><img loading=\"lazy\" decoding=\"async\" width=\"940\" height=\"788\" data-id=\"490\" src=\"https:\/\/espaceassociation.fr\/wp-content\/uploads\/2026\/04\/3.jpg\" alt=\"\" class=\"wp-image-490\" srcset=\"http:\/\/espaceassociation.fr\/wp-content\/uploads\/2026\/04\/3.jpg 940w, http:\/\/espaceassociation.fr\/wp-content\/uploads\/2026\/04\/3-300x251.jpg 300w, http:\/\/espaceassociation.fr\/wp-content\/uploads\/2026\/04\/3-768x644.jpg 768w, http:\/\/espaceassociation.fr\/wp-content\/uploads\/2026\/04\/3-600x503.jpg 600w\" sizes=\"auto, (max-width: 940px) 100vw, 940px\" \/><\/figure>\n<\/figure>\n\n\n\n<figure class=\"wp-block-video\"><video height=\"788\" style=\"aspect-ratio: 940 \/ 788;\" width=\"940\" controls src=\"https:\/\/espaceassociation.fr\/wp-content\/uploads\/2026\/04\/Repas-partage-videos-7.mp4\"><\/video><\/figure>\n","protected":false},"excerpt":{"rendered":"<p>Prochaine sortie: Tous les derniers samedis du mois! Venez jouez, d\u00e9couvrir ou faire d\u00e9couvrir vos jeux pr\u00e9f\u00e9r\u00e9s! Voyage \u00e0 Amiens: La Cath\u00e9drale, le viel Amiens et les Hortillonnages! Jeudi 29 janvier 2026, l&#8217;EHPAD &#8220;Petites soeurs des Pauvres&#8221; du HAVRE, recevait le groupe &#8220;ESPACE Vari\u00e9t\u00e9s&#8221; lors d&#8217;un apr\u00e8s-midi musical, pour le plus grand plaisir de ses [&hellip;]<\/p>\n","protected":false},"author":1,"featured_media":0,"parent":0,"menu_order":0,"comment_status":"closed","ping_status":"closed","template":"blank","meta":{"two_page_speed":[],"footnotes":""},"class_list":["post-81","page","type-page","status-publish","hentry"],"_links":{"self":[{"href":"http:\/\/espaceassociation.fr\/index.php\/wp-json\/wp\/v2\/pages\/81","targetHints":{"allow":["GET"]}}],"collection":[{"href":"http:\/\/espaceassociation.fr\/index.php\/wp-json\/wp\/v2\/pages"}],"about":[{"href":"http:\/\/espaceassociation.fr\/index.php\/wp-json\/wp\/v2\/types\/page"}],"author":[{"embeddable":true,"href":"http:\/\/espaceassociation.fr\/index.php\/wp-json\/wp\/v2\/users\/1"}],"replies":[{"embeddable":true,"href":"http:\/\/espaceassociation.fr\/index.php\/wp-json\/wp\/v2\/comments?post=81"}],"version-history":[{"count":19,"href":"http:\/\/espaceassociation.fr\/index.php\/wp-json\/wp\/v2\/pages\/81\/revisions"}],"predecessor-version":[{"id":503,"href":"http:\/\/espaceassociation.fr\/index.php\/wp-json\/wp\/v2\/pages\/81\/revisions\/503"}],"wp:attachment":[{"href":"http:\/\/espaceassociation.fr\/index.php\/wp-json\/wp\/v2\/media?parent=81"}],"curies":[{"name":"wp","href":"https:\/\/api.w.org\/{rel}","templated":true}]}}