{"id":49,"date":"2025-06-05T15:52:30","date_gmt":"2025-06-05T13:52:30","guid":{"rendered":"http:\/\/espaceassociation.fr\/?page_id=49"},"modified":"2026-02-24T11:26:45","modified_gmt":"2026-02-24T10:26:45","slug":"qui-sommes-nous","status":"publish","type":"page","link":"http:\/\/espaceassociation.fr\/index.php\/qui-sommes-nous\/","title":{"rendered":"Qui sommes nous"},"content":{"rendered":"\n<figure class=\"wp-block-image aligncenter size-large\" style=\"margin-top:var(--wp--preset--spacing--30);margin-right:0;margin-bottom:var(--wp--preset--spacing--70);margin-left:var(--wp--preset--spacing--80)\"><img decoding=\"async\" src=\"https:\/\/luciacortinovis3.wordpress.com\/wp-content\/uploads\/2025\/05\/group-1.png?w=1024\" alt=\"\" class=\"wp-image-186\"\/><\/figure>\n\n\n\n<div class=\"wp-block-cover alignfull is-light\" style=\"min-height:106px;aspect-ratio:unset;\"><span aria-hidden=\"true\" class=\"wp-block-cover__background has-background-dim-100 has-background-dim\" style=\"background-color:#f27655\"><\/span><div class=\"wp-block-cover__inner-container is-layout-constrained wp-block-cover-is-layout-constrained\">\n<h1 class=\"wp-block-heading has-text-align-center\" style=\"font-size:30px\">L&#8217;association<\/h1>\n<\/div><\/div>\n\n\n\n<div class=\"wp-block-cover alignfull is-light\" style=\"margin-top:0;margin-bottom:0;min-height:106px;aspect-ratio:unset;\"><span aria-hidden=\"true\" class=\"wp-block-cover__background has-custom-arancio-background-color has-background-dim-100 has-background-dim\"><\/span><div class=\"wp-block-cover__inner-container is-layout-constrained wp-block-cover-is-layout-constrained\">\n<h1 class=\"wp-block-heading has-text-align-center\" style=\"font-size:30px\">Qui sommes &#8211; nous<\/h1>\n<\/div><\/div>\n\n\n\n<div class=\"wp-block-cover alignfull is-light\" style=\"margin-top:0;margin-bottom:0\"><span aria-hidden=\"true\" class=\"wp-block-cover__background has-custom-rosino-background-color has-background-dim-100 has-background-dim\"><\/span><div class=\"wp-block-cover__inner-container is-layout-constrained wp-block-cover-is-layout-constrained\">\n<p class=\"has-text-align-center has-open-sans-font-family\" style=\"margin-right:0;margin-left:0;padding-top:0;padding-right:0;padding-bottom:0;padding-left:0;font-size:16px\"><strong>Bienvenue dans notre association d\u00e9di\u00e9e aux seniors, r\u00e9gie par la loi de 1901 et le d\u00e9cret du 16 ao\u00fbt 1901.\u2028Fond\u00e9e en 1996, notre structure \u00e0 but non lucratif est apolitique et sans affiliation religieuse.<br>Depuis lors, nous proposons un espace o\u00f9 les seniors peuvent cultiver leurs passions, transmettre et recevoir des savoirs, et surtout vivre des moments authentiques de convivialit\u00e9 et d\u2019\u00e9change.<br><br>Nos b\u00e9n\u00e9voles sont le moteur de l\u2019association : leur engagement assure le bon fonctionnement des activit\u00e9s, en apportant l\u2019esprit de convivialit\u00e9 et de partage \u00e0 l\u2019int\u00e9rieur comme \u00e0 l\u2019ext\u00e9rieur, \u00e0 travers le soutien dans les r\u00e9sidences pour seniors, les structures hospitali\u00e8res et d\u2019autres r\u00e9alit\u00e9s solidaires.<br><br>Notre objectif est simple : cr\u00e9er des liens authentiques, offrir des opportunit\u00e9s pour socialiser, apprendre quelque chose de nouveau ou partager ses connaissances. Chaque rencontre est une occasion de s\u2019enrichir ensemble, de sourire et de se sentir membre d\u2019une communaut\u00e9 vivante et accueillante.<\/strong><\/p>\n\n\n\n<h1 class=\"wp-block-heading alignfull has-text-align-center\" style=\"padding-top:var(--wp--preset--spacing--50);padding-bottom:var(--wp--preset--spacing--50);font-size:24px\">Rejoignez-nous et participez \u00e0 nos activit\u00e9s, partagez vos savoirs et laissez-vous surprendre par la beaut\u00e9 de la convivialit\u00e9<\/h1>\n<\/div><\/div>\n\n\n\n<figure class=\"wp-block-image size-large\"><img loading=\"lazy\" decoding=\"async\" width=\"724\" height=\"1024\" src=\"http:\/\/espaceassociation.fr\/wp-content\/uploads\/2026\/02\/trombinoscope-CA-724x1024.png\" alt=\"\" class=\"wp-image-467\" srcset=\"http:\/\/espaceassociation.fr\/wp-content\/uploads\/2026\/02\/trombinoscope-CA-724x1024.png 724w, http:\/\/espaceassociation.fr\/wp-content\/uploads\/2026\/02\/trombinoscope-CA-212x300.png 212w, http:\/\/espaceassociation.fr\/wp-content\/uploads\/2026\/02\/trombinoscope-CA-768x1086.png 768w, http:\/\/espaceassociation.fr\/wp-content\/uploads\/2026\/02\/trombinoscope-CA-1086x1536.png 1086w, http:\/\/espaceassociation.fr\/wp-content\/uploads\/2026\/02\/trombinoscope-CA-424x600.png 424w, http:\/\/espaceassociation.fr\/wp-content\/uploads\/2026\/02\/trombinoscope-CA.png 1414w\" sizes=\"auto, (max-width: 724px) 100vw, 724px\" \/><\/figure>\n","protected":false},"excerpt":{"rendered":"","protected":false},"author":1,"featured_media":0,"parent":0,"menu_order":0,"comment_status":"closed","ping_status":"closed","template":"blank","meta":{"two_page_speed":[],"footnotes":""},"class_list":["post-49","page","type-page","status-publish","hentry"],"_links":{"self":[{"href":"http:\/\/espaceassociation.fr\/index.php\/wp-json\/wp\/v2\/pages\/49","targetHints":{"allow":["GET"]}}],"collection":[{"href":"http:\/\/espaceassociation.fr\/index.php\/wp-json\/wp\/v2\/pages"}],"about":[{"href":"http:\/\/espaceassociation.fr\/index.php\/wp-json\/wp\/v2\/types\/page"}],"author":[{"embeddable":true,"href":"http:\/\/espaceassociation.fr\/index.php\/wp-json\/wp\/v2\/users\/1"}],"replies":[{"embeddable":true,"href":"http:\/\/espaceassociation.fr\/index.php\/wp-json\/wp\/v2\/comments?post=49"}],"version-history":[{"count":35,"href":"http:\/\/espaceassociation.fr\/index.php\/wp-json\/wp\/v2\/pages\/49\/revisions"}],"predecessor-version":[{"id":469,"href":"http:\/\/espaceassociation.fr\/index.php\/wp-json\/wp\/v2\/pages\/49\/revisions\/469"}],"wp:attachment":[{"href":"http:\/\/espaceassociation.fr\/index.php\/wp-json\/wp\/v2\/media?parent=49"}],"curies":[{"name":"wp","href":"https:\/\/api.w.org\/{rel}","templated":true}]}}